{"id":3531,"date":"2025-12-10T16:20:59","date_gmt":"2025-12-10T16:20:59","guid":{"rendered":"https:\/\/handboscamp.eu\/?page_id=3531"},"modified":"2026-03-23T14:07:38","modified_gmt":"2026-03-23T14:07:38","slug":"mentions-legales","status":"publish","type":"page","link":"https:\/\/www.handboscamp.eu\/?page_id=3531","title":{"rendered":"Mentions l\u00e9gales"},"content":{"rendered":"\t\t<div data-elementor-type=\"wp-page\" data-elementor-id=\"3531\" class=\"elementor elementor-3531\">\n\t\t\t\t<div class=\"elementor-element elementor-element-0700c61 e-flex e-con-boxed e-con e-parent\" data-id=\"0700c61\" data-element_type=\"container\">\n\t\t\t\t\t<div class=\"e-con-inner\">\n\t\t\t\t<div class=\"elementor-element elementor-element-83f50c7 elementor-widget elementor-widget-heading\" data-id=\"83f50c7\" data-element_type=\"widget\" data-widget_type=\"heading.default\">\n\t\t\t\t<div class=\"elementor-widget-container\">\n\t\t\t\t\t<h2 class=\"elementor-heading-title elementor-size-default\">Mentions l\u00e9gales<\/h2>\t\t\t\t<\/div>\n\t\t\t\t<\/div>\n\t\t\t\t<div class=\"elementor-element elementor-element-63f16ca elementor-widget elementor-widget-text-editor\" data-id=\"63f16ca\" data-element_type=\"widget\" data-widget_type=\"text-editor.default\">\n\t\t\t\t<div class=\"elementor-widget-container\">\n\t\t\t\t\t\t\t\t\t<p><\/p>\n<p><strong><br><\/strong><\/p>\n<p><strong><br><\/strong><\/p>\n<p><strong><br><\/strong><\/p>\n<p><strong><br><\/strong><\/p>\n<p><strong><br><\/strong><\/p>\n<p><strong><br><\/strong><\/p>\n<p><strong>Nom du site :&nbsp;<\/strong><\/p>\n<p>WWW.handboscamp.eu<\/p>\n<p><strong>Editeur du site :&nbsp;<\/strong><\/p>\n<p>Association Hand BOS Camp<\/p>\n<p>Association d\u00e9clar\u00e9e loi 1901<\/p>\n<p><strong>Directeur de la publication :<\/strong>&nbsp;<\/p>\n<p>Julien BOS<\/p>\n<p><strong>Adresse : <\/strong><\/p>\n<p>10 bis Route des Dodini\u00e8res 44640 Le Pellerin&nbsp;<\/p>\n<p><strong>Courrier \u00e9lectronique :<\/strong><\/p>\n<p>handboscamp@gmail.com<\/p>\n<p><strong>H\u00e9bergement :&nbsp;<\/strong><\/p>\n<p>Hostinger<\/p>\n<p><strong>Conception et d\u00e9veloppement Web :&nbsp;<\/strong><\/p>\n<p>WordPress+Elementor<\/p>\n<p><strong>Droit d&rsquo;auteur :&nbsp;<\/strong><\/p>\n<p>L&rsquo;int\u00e9gralit\u00e9 de ce site rel\u00e8ve de la l\u00e9gislation relative au droit de propri\u00e9t\u00e9 intellectuelle, ainsi qu&rsquo;au droit des marques. Son contenu est la propri\u00e9t\u00e9 exclusive de l&rsquo;association Hand BOS Camp \u00e0 l&rsquo;exception de certains \u00e9l\u00e9ments type photographies pour lesquels les droits ont \u00e9t\u00e9 obtenus. Toute reproduction totale ou partielle de ce site sur quelque support que ce soit, sans l&rsquo;accord expr\u00e8s de l&rsquo;association Hand BOS Camp, est formellement interdite.&nbsp;<\/p>\t\t\t\t\t\t\t\t<\/div>\n\t\t\t\t<\/div>\n\t\t\t\t\t<\/div>\n\t\t\t\t<\/div>\n\t\t\t\t<\/div>\n\t\t","protected":false},"excerpt":{"rendered":"<p>Mentions l\u00e9gales Nom du site :&nbsp; WWW.handboscamp.eu Editeur du site :&nbsp; Association Hand BOS Camp Association d\u00e9clar\u00e9e loi 1901 Directeur de la publication :&nbsp; Julien BOS Adresse : 10 bis Route des Dodini\u00e8res 44640 Le Pellerin&nbsp; Courrier \u00e9lectronique : handboscamp@gmail.com H\u00e9bergement :&nbsp; Hostinger Conception et d\u00e9veloppement Web :&nbsp; WordPress+Elementor Droit d&rsquo;auteur :&nbsp; L&rsquo;int\u00e9gralit\u00e9 de ce [&hellip;]<\/p>\n","protected":false},"author":1,"featured_media":2902,"parent":0,"menu_order":0,"comment_status":"closed","ping_status":"closed","template":"elementor_header_footer","meta":{"_uag_custom_page_level_css":"","site-sidebar-layout":"no-sidebar","site-content-layout":"page-builder","ast-site-content-layout":"full-width-container","site-content-style":"unboxed","site-sidebar-style":"unboxed","ast-global-header-display":"","ast-banner-title-visibility":"","ast-main-header-display":"","ast-hfb-above-header-display":"","ast-hfb-below-header-display":"","ast-hfb-mobile-header-display":"","site-post-title":"disabled","ast-breadcrumbs-content":"","ast-featured-img":"disabled","footer-sml-layout":"","ast-disable-related-posts":"","theme-transparent-header-meta":"","adv-header-id-meta":"","stick-header-meta":"","header-above-stick-meta":"","header-main-stick-meta":"","header-below-stick-meta":"","astra-migrate-meta-layouts":"set","ast-page-background-enabled":"default","ast-page-background-meta":{"desktop":{"background-color":"var(--ast-global-color-4)","background-image":"","background-repeat":"repeat","background-position":"center center","background-size":"auto","background-attachment":"scroll","background-type":"","background-media":"","overlay-type":"","overlay-color":"","overlay-opacity":"","overlay-gradient":""},"tablet":{"background-color":"","background-image":"","background-repeat":"repeat","background-position":"center center","background-size":"auto","background-attachment":"scroll","background-type":"","background-media":"","overlay-type":"","overlay-color":"","overlay-opacity":"","overlay-gradient":""},"mobile":{"background-color":"","background-image":"","background-repeat":"repeat","background-position":"center center","background-size":"auto","background-attachment":"scroll","background-type":"","background-media":"","overlay-type":"","overlay-color":"","overlay-opacity":"","overlay-gradient":""}},"ast-content-background-meta":{"desktop":{"background-color":"var(--ast-global-color-5)","background-image":"","background-repeat":"repeat","background-position":"center center","background-size":"auto","background-attachment":"scroll","background-type":"","background-media":"","overlay-type":"","overlay-color":"","overlay-opacity":"","overlay-gradient":""},"tablet":{"background-color":"var(--ast-global-color-5)","background-image":"","background-repeat":"repeat","background-position":"center center","background-size":"auto","background-attachment":"scroll","background-type":"","background-media":"","overlay-type":"","overlay-color":"","overlay-opacity":"","overlay-gradient":""},"mobile":{"background-color":"var(--ast-global-color-5)","background-image":"","background-repeat":"repeat","background-position":"center center","background-size":"auto","background-attachment":"scroll","background-type":"","background-media":"","overlay-type":"","overlay-color":"","overlay-opacity":"","overlay-gradient":""}},"footnotes":""},"class_list":["post-3531","page","type-page","status-publish","has-post-thumbnail","hentry"],"_hostinger_reach_plugin_has_subscription_block":false,"_hostinger_reach_plugin_is_elementor":false,"uagb_featured_image_src":{"full":["https:\/\/www.handboscamp.eu\/wp-content\/uploads\/2025\/10\/edfh_120325_icon_bap_245-scaled.jpg",2560,1707,false],"thumbnail":["https:\/\/www.handboscamp.eu\/wp-content\/uploads\/2025\/10\/edfh_120325_icon_bap_245-150x150.jpg",150,150,true],"medium":["https:\/\/www.handboscamp.eu\/wp-content\/uploads\/2025\/10\/edfh_120325_icon_bap_245-300x200.jpg",300,200,true],"medium_large":["https:\/\/www.handboscamp.eu\/wp-content\/uploads\/2025\/10\/edfh_120325_icon_bap_245-768x512.jpg",768,512,true],"large":["https:\/\/www.handboscamp.eu\/wp-content\/uploads\/2025\/10\/edfh_120325_icon_bap_245-1024x683.jpg",1024,683,true],"1536x1536":["https:\/\/www.handboscamp.eu\/wp-content\/uploads\/2025\/10\/edfh_120325_icon_bap_245-1536x1024.jpg",1536,1024,true],"2048x2048":["https:\/\/www.handboscamp.eu\/wp-content\/uploads\/2025\/10\/edfh_120325_icon_bap_245-2048x1365.jpg",2048,1365,true]},"uagb_author_info":{"display_name":"handboscamp@gmail.com","author_link":"https:\/\/www.handboscamp.eu\/?author=1"},"uagb_comment_info":0,"uagb_excerpt":"Mentions l\u00e9gales Nom du site :&nbsp; WWW.handboscamp.eu Editeur du site :&nbsp; Association Hand BOS Camp Association d\u00e9clar\u00e9e loi 1901 Directeur de la publication :&nbsp; Julien BOS Adresse : 10 bis Route des Dodini\u00e8res 44640 Le Pellerin&nbsp; Courrier \u00e9lectronique : handboscamp@gmail.com H\u00e9bergement :&nbsp; Hostinger Conception et d\u00e9veloppement Web :&nbsp; WordPress+Elementor Droit d&rsquo;auteur :&nbsp; L&rsquo;int\u00e9gralit\u00e9 de ce\u2026","_links":{"self":[{"href":"https:\/\/www.handboscamp.eu\/index.php?rest_route=\/wp\/v2\/pages\/3531","targetHints":{"allow":["GET"]}}],"collection":[{"href":"https:\/\/www.handboscamp.eu\/index.php?rest_route=\/wp\/v2\/pages"}],"about":[{"href":"https:\/\/www.handboscamp.eu\/index.php?rest_route=\/wp\/v2\/types\/page"}],"author":[{"embeddable":true,"href":"https:\/\/www.handboscamp.eu\/index.php?rest_route=\/wp\/v2\/users\/1"}],"replies":[{"embeddable":true,"href":"https:\/\/www.handboscamp.eu\/index.php?rest_route=%2Fwp%2Fv2%2Fcomments&post=3531"}],"version-history":[{"count":29,"href":"https:\/\/www.handboscamp.eu\/index.php?rest_route=\/wp\/v2\/pages\/3531\/revisions"}],"predecessor-version":[{"id":3857,"href":"https:\/\/www.handboscamp.eu\/index.php?rest_route=\/wp\/v2\/pages\/3531\/revisions\/3857"}],"wp:featuredmedia":[{"embeddable":true,"href":"https:\/\/www.handboscamp.eu\/index.php?rest_route=\/wp\/v2\/media\/2902"}],"wp:attachment":[{"href":"https:\/\/www.handboscamp.eu\/index.php?rest_route=%2Fwp%2Fv2%2Fmedia&parent=3531"}],"curies":[{"name":"wp","href":"https:\/\/api.w.org\/{rel}","templated":true}]}}