{"id":2844,"date":"2025-10-25T14:16:18","date_gmt":"2025-10-25T14:16:18","guid":{"rendered":"https:\/\/handboscamp.eu\/about-2\/"},"modified":"2026-03-23T14:02:07","modified_gmt":"2026-03-23T14:02:07","slug":"about-2","status":"publish","type":"page","link":"https:\/\/www.handboscamp.eu\/?page_id=2844","title":{"rendered":"Concept"},"content":{"rendered":"\t\t<div data-elementor-type=\"wp-page\" data-elementor-id=\"2844\" class=\"elementor elementor-2844\">\n\t\t\t\t<div class=\"elementor-element elementor-element-dcfb448 e-flex e-con-boxed e-con e-parent\" data-id=\"dcfb448\" data-element_type=\"container\" data-settings=\"{&quot;background_background&quot;:&quot;classic&quot;}\">\n\t\t\t\t\t<div class=\"e-con-inner\">\n\t\t<div class=\"elementor-element elementor-element-d21b7e0 e-flex e-con-boxed e-con e-child\" data-id=\"d21b7e0\" data-element_type=\"container\">\n\t\t\t\t\t<div class=\"e-con-inner\">\n\t\t\t\t<div class=\"elementor-element elementor-element-e9fd9dc elementor-widget elementor-widget-heading\" data-id=\"e9fd9dc\" data-element_type=\"widget\" data-widget_type=\"heading.default\">\n\t\t\t\t<div class=\"elementor-widget-container\">\n\t\t\t\t\t<h1 class=\"elementor-heading-title elementor-size-default\">CONCEPT<\/h1>\t\t\t\t<\/div>\n\t\t\t\t<\/div>\n\t\t\t\t\t<\/div>\n\t\t\t\t<\/div>\n\t\t\t\t\t<\/div>\n\t\t\t\t<\/div>\n\t\t<div class=\"elementor-element elementor-element-f930d8a elementor-hidden-desktop elementor-hidden-tablet elementor-hidden-mobile e-flex e-con-boxed e-con e-parent\" data-id=\"f930d8a\" data-element_type=\"container\" data-settings=\"{&quot;background_background&quot;:&quot;classic&quot;}\">\n\t\t\t\t\t<div class=\"e-con-inner\">\n\t\t<div class=\"elementor-element elementor-element-fba0a11 e-con-full e-flex e-con e-child\" data-id=\"fba0a11\" data-element_type=\"container\">\n\t\t\t\t<div class=\"elementor-element elementor-element-0d35c46 elementor-view-framed elementor-shape-circle elementor-widget elementor-widget-icon\" data-id=\"0d35c46\" data-element_type=\"widget\" data-widget_type=\"icon.default\">\n\t\t\t\t<div class=\"elementor-widget-container\">\n\t\t\t\t\t\t\t<div class=\"elementor-icon-wrapper\">\n\t\t\t<div class=\"elementor-icon\">\n\t\t\t<i aria-hidden=\"true\" class=\"fas fa-location-arrow\"><\/i>\t\t\t<\/div>\n\t\t<\/div>\n\t\t\t\t\t\t<\/div>\n\t\t\t\t<\/div>\n\t\t\t\t<div class=\"elementor-element elementor-element-4807051 elementor-widget elementor-widget-heading\" data-id=\"4807051\" data-element_type=\"widget\" data-widget_type=\"heading.default\">\n\t\t\t\t<div class=\"elementor-widget-container\">\n\t\t\t\t\t<h2 class=\"elementor-heading-title elementor-size-default\">LACANAU<\/h2>\t\t\t\t<\/div>\n\t\t\t\t<\/div>\n\t\t\t\t<\/div>\n\t\t<div class=\"elementor-element elementor-element-aecaf55 e-con-full e-flex e-con e-child\" data-id=\"aecaf55\" data-element_type=\"container\">\n\t\t<div class=\"elementor-element elementor-element-87480b3 e-con-full e-flex e-con e-child\" data-id=\"87480b3\" data-element_type=\"container\">\n\t\t\t\t<div class=\"elementor-element elementor-element-11ae3e8 elementor-widget elementor-widget-heading\" data-id=\"11ae3e8\" data-element_type=\"widget\" data-widget_type=\"heading.default\">\n\t\t\t\t<div class=\"elementor-widget-container\">\n\t\t\t\t\t<h2 class=\"elementor-heading-title elementor-size-default\">SEMAINE 1 : du 5 au 11 juillet 2026<\/h2>\t\t\t\t<\/div>\n\t\t\t\t<\/div>\n\t\t\t\t<div class=\"elementor-element elementor-element-6bde411 elementor-widget elementor-widget-text-editor\" data-id=\"6bde411\" data-element_type=\"widget\" data-widget_type=\"text-editor.default\">\n\t\t\t\t<div class=\"elementor-widget-container\">\n\t\t\t\t\t\t\t\t\t<p>Jeunes n\u00e9(e)s en <strong>2013-2014-2015<\/strong><\/p>\t\t\t\t\t\t\t\t<\/div>\n\t\t\t\t<\/div>\n\t\t\t\t<div class=\"elementor-element elementor-element-1114422 elementor-widget elementor-widget-heading\" data-id=\"1114422\" data-element_type=\"widget\" data-widget_type=\"heading.default\">\n\t\t\t\t<div class=\"elementor-widget-container\">\n\t\t\t\t\t<h2 class=\"elementor-heading-title elementor-size-default\">SEMAINE 2 : du 12 au 18 juillet 2026<\/h2>\t\t\t\t<\/div>\n\t\t\t\t<\/div>\n\t\t\t\t<div class=\"elementor-element elementor-element-3f835e8 elementor-widget elementor-widget-text-editor\" data-id=\"3f835e8\" data-element_type=\"widget\" data-widget_type=\"text-editor.default\">\n\t\t\t\t<div class=\"elementor-widget-container\">\n\t\t\t\t\t\t\t\t\t<p>Jeunes n\u00e9(e)s en <strong>2009-2010-2011-2012<\/strong><\/p>\t\t\t\t\t\t\t\t<\/div>\n\t\t\t\t<\/div>\n\t\t\t\t<\/div>\n\t\t\t\t<\/div>\n\t\t\t\t\t<\/div>\n\t\t\t\t<\/div>\n\t\t<div class=\"elementor-element elementor-element-6f202f7 elementor-hidden-desktop elementor-hidden-tablet elementor-hidden-mobile e-flex e-con-boxed e-con e-parent\" data-id=\"6f202f7\" data-element_type=\"container\" data-settings=\"{&quot;background_background&quot;:&quot;classic&quot;}\">\n\t\t\t\t\t<div class=\"e-con-inner\">\n\t\t\t\t<div class=\"elementor-element elementor-element-844044e elementor-widget-divider--view-line elementor-widget elementor-widget-divider\" data-id=\"844044e\" data-element_type=\"widget\" data-widget_type=\"divider.default\">\n\t\t\t\t<div class=\"elementor-widget-container\">\n\t\t\t\t\t\t\t<div class=\"elementor-divider\">\n\t\t\t<span class=\"elementor-divider-separator\">\n\t\t\t\t\t\t<\/span>\n\t\t<\/div>\n\t\t\t\t\t\t<\/div>\n\t\t\t\t<\/div>\n\t\t\t\t<div class=\"elementor-element elementor-element-6fd2c09 elementor-widget elementor-widget-heading\" data-id=\"6fd2c09\" data-element_type=\"widget\" data-widget_type=\"heading.default\">\n\t\t\t\t<div class=\"elementor-widget-container\">\n\t\t\t\t\t<h2 class=\"elementor-heading-title elementor-size-default\"><br>Le stage commence le dimanche \u00e0 15h et se termine le samedi \u00e0 11h<br><\/h2>\t\t\t\t<\/div>\n\t\t\t\t<\/div>\n\t\t\t\t<div class=\"elementor-element elementor-element-8df3aec elementor-widget-divider--view-line elementor-widget elementor-widget-divider\" data-id=\"8df3aec\" data-element_type=\"widget\" data-widget_type=\"divider.default\">\n\t\t\t\t<div class=\"elementor-widget-container\">\n\t\t\t\t\t\t\t<div class=\"elementor-divider\">\n\t\t\t<span class=\"elementor-divider-separator\">\n\t\t\t\t\t\t<\/span>\n\t\t<\/div>\n\t\t\t\t\t\t<\/div>\n\t\t\t\t<\/div>\n\t\t\t\t\t<\/div>\n\t\t\t\t<\/div>\n\t\t<div class=\"elementor-element elementor-element-7d34898 e-flex e-con-boxed e-con e-parent\" data-id=\"7d34898\" data-element_type=\"container\" data-settings=\"{&quot;background_background&quot;:&quot;classic&quot;}\">\n\t\t\t\t\t<div class=\"e-con-inner\">\n\t\t\t\t<div class=\"elementor-element elementor-element-45bc5a3 elementor-widget elementor-widget-heading\" data-id=\"45bc5a3\" data-element_type=\"widget\" data-widget_type=\"heading.default\">\n\t\t\t\t<div class=\"elementor-widget-container\">\n\t\t\t\t\t<h2 class=\"elementor-heading-title elementor-size-default\">PRESENTATION<\/h2>\t\t\t\t<\/div>\n\t\t\t\t<\/div>\n\t\t\t\t\t<\/div>\n\t\t\t\t<\/div>\n\t\t<div class=\"elementor-element elementor-element-bc5c5b5 e-flex e-con-boxed e-con e-parent\" data-id=\"bc5c5b5\" data-element_type=\"container\" data-settings=\"{&quot;background_background&quot;:&quot;classic&quot;}\">\n\t\t\t\t\t<div class=\"e-con-inner\">\n\t\t\t\t<div class=\"elementor-element elementor-element-efee33e elementor-widget elementor-widget-text-editor\" data-id=\"efee33e\" data-element_type=\"widget\" data-widget_type=\"text-editor.default\">\n\t\t\t\t<div class=\"elementor-widget-container\">\n\t\t\t\t\t\t\t\t\t<p>S\u2019entra\u00eener avec Julien BOS, joueur international de handball et m\u00e9daill\u00e9 de bronze lors du dernier championnat du monde 2025 : voil\u00e0 ce que propose le Hand BOS Camp.<br data-start=\"569\" data-end=\"572\" \/>Parmi les jeunes joueurs les plus titr\u00e9s de sa g\u00e9n\u00e9ration, Julien t\u2019accompagnera durant un stage intensif plac\u00e9 sous le signe du perfectionnement, de l\u2019entraide et du d\u00e9passement de soi.<br data-start=\"773\" data-end=\"776\" \/>Pendant une semaine, tu vivras une exp\u00e9rience unique, sur et en dehors du terrain, en partageant des moments privil\u00e9gi\u00e9s avec Julien BOS.<\/p>\t\t\t\t\t\t\t\t<\/div>\n\t\t\t\t<\/div>\n\t\t\t\t\t<\/div>\n\t\t\t\t<\/div>\n\t\t<div class=\"elementor-element elementor-element-5bdb993 e-flex e-con-boxed e-con e-parent\" data-id=\"5bdb993\" data-element_type=\"container\" data-settings=\"{&quot;background_background&quot;:&quot;classic&quot;}\">\n\t\t\t\t\t<div class=\"e-con-inner\">\n\t\t\t\t\t<\/div>\n\t\t\t\t<\/div>\n\t\t<div class=\"elementor-element elementor-element-4e70cb1 e-flex e-con-boxed e-con e-parent\" data-id=\"4e70cb1\" data-element_type=\"container\" data-settings=\"{&quot;background_background&quot;:&quot;classic&quot;}\">\n\t\t\t\t\t<div class=\"e-con-inner\">\n\t\t<div class=\"elementor-element elementor-element-f76fdb8 e-con-full e-flex e-con e-child\" data-id=\"f76fdb8\" data-element_type=\"container\">\n\t\t\t\t<div class=\"elementor-element elementor-element-d1d9f07 elementor-widget elementor-widget-heading\" data-id=\"d1d9f07\" data-element_type=\"widget\" data-widget_type=\"heading.default\">\n\t\t\t\t<div class=\"elementor-widget-container\">\n\t\t\t\t\t<h2 class=\"elementor-heading-title elementor-size-default\">Pour qui ? <\/h2>\t\t\t\t<\/div>\n\t\t\t\t<\/div>\n\t\t\t\t<div class=\"elementor-element elementor-element-3773aef elementor-widget elementor-widget-text-editor\" data-id=\"3773aef\" data-element_type=\"widget\" data-widget_type=\"text-editor.default\">\n\t\t\t\t<div class=\"elementor-widget-container\">\n\t\t\t\t\t\t\t\t\t<ul><li>Filles et gar\u00e7ons<\/li><li>Licenci\u00e9s dans un club de handball<\/li><li>Enfants n\u00e9(e)s en 2010-2011-2012-2013-2014-2015-2016<\/li><\/ul>\t\t\t\t\t\t\t\t<\/div>\n\t\t\t\t<\/div>\n\t\t\t\t<\/div>\n\t\t<div class=\"elementor-element elementor-element-7ab6395 e-con-full e-flex e-con e-child\" data-id=\"7ab6395\" data-element_type=\"container\">\n\t\t\t\t<div class=\"elementor-element elementor-element-54e3c13 elementor-widget elementor-widget-heading\" data-id=\"54e3c13\" data-element_type=\"widget\" data-widget_type=\"heading.default\">\n\t\t\t\t<div class=\"elementor-widget-container\">\n\t\t\t\t\t<h2 class=\"elementor-heading-title elementor-size-default\">Planning<\/h2>\t\t\t\t<\/div>\n\t\t\t\t<\/div>\n\t\t\t\t<div class=\"elementor-element elementor-element-4d08ae7 elementor-widget elementor-widget-text-editor\" data-id=\"4d08ae7\" data-element_type=\"widget\" data-widget_type=\"text-editor.default\">\n\t\t\t\t<div class=\"elementor-widget-container\">\n\t\t\t\t\t\t\t\t\t<p>Des s\u00e9ances de handball et des activit\u00e9s seront organis\u00e9es (sauvetage c\u00f4tier, surf, initiation beach handball).<\/p>\t\t\t\t\t\t\t\t<\/div>\n\t\t\t\t<\/div>\n\t\t\t\t<div class=\"elementor-element elementor-element-a26f742 elementor-widget elementor-widget-text-editor\" data-id=\"a26f742\" data-element_type=\"widget\" data-widget_type=\"text-editor.default\">\n\t\t\t\t<div class=\"elementor-widget-container\">\n\t\t\t\t\t\t\t\t\t<p><span style=\"text-decoration: underline;\"><a href=\"https:\/\/www.handboscamp.eu\/wp-content\/uploads\/2025\/12\/Planning-previsionnel-du-stage.pdf\">Planning pr\u00e9visionnel du stage<\/a><\/span><\/p>\t\t\t\t\t\t\t\t<\/div>\n\t\t\t\t<\/div>\n\t\t\t\t<\/div>\n\t\t\t\t\t<\/div>\n\t\t\t\t<\/div>\n\t\t<div class=\"elementor-element elementor-element-ab51d05 elementor-hidden-desktop elementor-hidden-tablet elementor-hidden-mobile e-flex e-con-boxed e-con e-parent\" data-id=\"ab51d05\" data-element_type=\"container\" data-settings=\"{&quot;background_background&quot;:&quot;classic&quot;}\">\n\t\t\t\t\t<div class=\"e-con-inner\">\n\t\t<div class=\"elementor-element elementor-element-79a33dc e-con-full e-flex e-con e-child\" data-id=\"79a33dc\" data-element_type=\"container\">\n\t\t\t\t<div class=\"elementor-element elementor-element-f1e7c23 elementor-widget elementor-widget-heading\" data-id=\"f1e7c23\" data-element_type=\"widget\" data-widget_type=\"heading.default\">\n\t\t\t\t<div class=\"elementor-widget-container\">\n\t\t\t\t\t<h2 class=\"elementor-heading-title elementor-size-default\">HEBERGEMENT<\/h2>\t\t\t\t<\/div>\n\t\t\t\t<\/div>\n\t\t\t\t<div class=\"elementor-element elementor-element-f46e704 elementor-widget elementor-widget-text-editor\" data-id=\"f46e704\" data-element_type=\"widget\" data-widget_type=\"text-editor.default\">\n\t\t\t\t<div class=\"elementor-widget-container\">\n\t\t\t\t\t\t\t\t\t<p>Les stagiaires seront log\u00e9s au sein du Village Vacances VTF Les Bruy\u00e8res, dans des chambres de 2 \u00e0 4 lits simples. Les repas auront lieu au self du village.\u00a0<\/p>\t\t\t\t\t\t\t\t<\/div>\n\t\t\t\t<\/div>\n\t\t\t\t<\/div>\n\t\t<div class=\"elementor-element elementor-element-eada5e7 e-con-full e-flex e-con e-child\" data-id=\"eada5e7\" data-element_type=\"container\">\n\t\t\t\t<div class=\"elementor-element elementor-element-35263a0 elementor-widget elementor-widget-google_maps\" data-id=\"35263a0\" data-element_type=\"widget\" data-widget_type=\"google_maps.default\">\n\t\t\t\t<div class=\"elementor-widget-container\">\n\t\t\t\t\t\t\t<div class=\"elementor-custom-embed\">\n\t\t\t<iframe loading=\"lazy\"\n\t\t\t\t\tsrc=\"https:\/\/maps.google.com\/maps?q=VTF%20les%20bruy%C3%A8res&#038;t=m&#038;z=10&#038;output=embed&#038;iwloc=near\"\n\t\t\t\t\ttitle=\"VTF les bruy\u00e8res\"\n\t\t\t\t\taria-label=\"VTF les bruy\u00e8res\"\n\t\t\t><\/iframe>\n\t\t<\/div>\n\t\t\t\t\t\t<\/div>\n\t\t\t\t<\/div>\n\t\t\t\t<\/div>\n\t\t\t\t\t<\/div>\n\t\t\t\t<\/div>\n\t\t<div class=\"elementor-element elementor-element-35f42e8 e-flex e-con-boxed e-con e-parent\" data-id=\"35f42e8\" data-element_type=\"container\" data-settings=\"{&quot;background_background&quot;:&quot;classic&quot;}\">\n\t\t\t\t\t<div class=\"e-con-inner\">\n\t\t<div class=\"elementor-element elementor-element-dc39695 e-con-full e-flex e-con e-child\" data-id=\"dc39695\" data-element_type=\"container\">\n\t\t\t\t<div class=\"elementor-element elementor-element-deaf306 elementor-widget elementor-widget-heading\" data-id=\"deaf306\" data-element_type=\"widget\" data-widget_type=\"heading.default\">\n\t\t\t\t<div class=\"elementor-widget-container\">\n\t\t\t\t\t<h2 class=\"elementor-heading-title elementor-size-default\">ENTRAINEMENT \/ ENCADREMENT<\/h2>\t\t\t\t<\/div>\n\t\t\t\t<\/div>\n\t\t\t\t<div class=\"elementor-element elementor-element-6f5ad0c elementor-widget elementor-widget-text-editor\" data-id=\"6f5ad0c\" data-element_type=\"widget\" data-widget_type=\"text-editor.default\">\n\t\t\t\t<div class=\"elementor-widget-container\">\n\t\t\t\t\t\t\t\t\t<p data-start=\"1150\" data-end=\"1380\">Pour garantir un suivi de qualit\u00e9, les participants seront r\u00e9partis en deux groupes de niveau (\u224815 joueurs chacun).<br data-start=\"1267\" data-end=\"1270\" \/>Jusqu\u2019\u00e0 deux entra\u00eenements quotidiens seront propos\u00e9s, encadr\u00e9s par Julien BOS, au gymnase COSEC de Lacanau.<\/p><p data-start=\"1382\" data-end=\"1543\">L\u2019encadrement sportif et \u00e9ducatif sera compl\u00e9t\u00e9 par :<br data-start=\"1437\" data-end=\"1440\" \/>\u2022 Un entra\u00eeneur dipl\u00f4m\u00e9\u00a0<br data-start=\"1479\" data-end=\"1482\" \/>\u2022 Animateurs BAFA<\/p><p>Une \u00e9quipe engag\u00e9e pour offrir un environnement s\u00fbr, stimulant et adapt\u00e9 \u00e0 chaque jeune joueur.<span style=\"font-style: inherit; font-weight: inherit;\">\u00a0<\/span><\/p>\t\t\t\t\t\t\t\t<\/div>\n\t\t\t\t<\/div>\n\t\t\t\t<\/div>\n\t\t<div class=\"elementor-element elementor-element-4784e71 e-con-full e-flex e-con e-child\" data-id=\"4784e71\" data-element_type=\"container\">\n\t\t\t\t<div class=\"elementor-element elementor-element-4b3dac7 elementor-widget elementor-widget-heading\" data-id=\"4b3dac7\" data-element_type=\"widget\" data-widget_type=\"heading.default\">\n\t\t\t\t<div class=\"elementor-widget-container\">\n\t\t\t\t\t<h2 class=\"elementor-heading-title elementor-size-default\">DOTATION<\/h2>\t\t\t\t<\/div>\n\t\t\t\t<\/div>\n\t\t\t\t<div class=\"elementor-element elementor-element-5a47fdb elementor-widget elementor-widget-text-editor\" data-id=\"5a47fdb\" data-element_type=\"widget\" data-widget_type=\"text-editor.default\">\n\t\t\t\t<div class=\"elementor-widget-container\">\n\t\t\t\t\t\t\t\t\t<p>Chaque enfant recevra une dotation au d\u00e9marrage du stage.<\/p><p>La dotation comprend un tee-shirt, une gourde et un sac \u00e0 dos.\u00a0<\/p>\t\t\t\t\t\t\t\t<\/div>\n\t\t\t\t<\/div>\n\t\t\t\t<\/div>\n\t\t\t\t\t<\/div>\n\t\t\t\t<\/div>\n\t\t<div class=\"elementor-element elementor-element-99d5cd8 e-flex e-con-boxed e-con e-parent\" data-id=\"99d5cd8\" data-element_type=\"container\" data-settings=\"{&quot;background_background&quot;:&quot;classic&quot;}\">\n\t\t\t\t\t<div class=\"e-con-inner\">\n\t\t\t\t<div class=\"elementor-element elementor-element-a36475f elementor-widget elementor-widget-heading\" data-id=\"a36475f\" data-element_type=\"widget\" data-widget_type=\"heading.default\">\n\t\t\t\t<div class=\"elementor-widget-container\">\n\t\t\t\t\t<h2 class=\"elementor-heading-title elementor-size-default\">TRANSPORT<\/h2>\t\t\t\t<\/div>\n\t\t\t\t<\/div>\n\t\t\t\t<div class=\"elementor-element elementor-element-677eea1 elementor-widget elementor-widget-text-editor\" data-id=\"677eea1\" data-element_type=\"widget\" data-widget_type=\"text-editor.default\">\n\t\t\t\t<div class=\"elementor-widget-container\">\n\t\t\t\t\t\t\t\t\t<p>Le transport jusqu&rsquo;au lieu du stage n&rsquo;est pas inclus dans le prix du stage.&nbsp;<\/p>\n<p>Nous proposons une navette entre l&rsquo;a\u00e9roport\/la gare de bordeaux et le lieu d&rsquo;accueil du stage. Nous vous remercions de bien vouloir pr\u00e9voir l&rsquo;arriv\u00e9e et le d\u00e9part de votre enfant en fonction des horaires de la navette mise en place.&nbsp;<\/p>\t\t\t\t\t\t\t\t<\/div>\n\t\t\t\t<\/div>\n\t\t\t\t\t<\/div>\n\t\t\t\t<\/div>\n\t\t<div class=\"elementor-element elementor-element-881993c e-flex e-con-boxed e-con e-parent\" data-id=\"881993c\" data-element_type=\"container\" data-settings=\"{&quot;background_background&quot;:&quot;classic&quot;}\">\n\t\t\t\t\t<div class=\"e-con-inner\">\n\t\t\t\t<div class=\"elementor-element elementor-element-e20338f elementor-widget elementor-widget-spacer\" data-id=\"e20338f\" data-element_type=\"widget\" data-widget_type=\"spacer.default\">\n\t\t\t\t<div class=\"elementor-widget-container\">\n\t\t\t\t\t\t\t<div class=\"elementor-spacer\">\n\t\t\t<div class=\"elementor-spacer-inner\"><\/div>\n\t\t<\/div>\n\t\t\t\t\t\t<\/div>\n\t\t\t\t<\/div>\n\t\t\t\t\t<\/div>\n\t\t\t\t<\/div>\n\t\t\t\t<\/div>\n\t\t","protected":false},"excerpt":{"rendered":"<p>CONCEPT LACANAU SEMAINE 1 : du 5 au 11 juillet 2026 Jeunes n\u00e9(e)s en 2013-2014-2015 SEMAINE 2 : du 12 au 18 juillet 2026 Jeunes n\u00e9(e)s en 2009-2010-2011-2012 Le stage commence le dimanche \u00e0 15h et se termine le samedi \u00e0 11h PRESENTATION S\u2019entra\u00eener avec Julien BOS, joueur international de handball et m\u00e9daill\u00e9 de bronze [&hellip;]<\/p>\n","protected":false},"author":1,"featured_media":0,"parent":0,"menu_order":0,"comment_status":"closed","ping_status":"closed","template":"","meta":{"_uag_custom_page_level_css":"","site-sidebar-layout":"no-sidebar","site-content-layout":"page-builder","ast-site-content-layout":"full-width-container","site-content-style":"unboxed","site-sidebar-style":"unboxed","ast-global-header-display":"","ast-banner-title-visibility":"","ast-main-header-display":"","ast-hfb-above-header-display":"","ast-hfb-below-header-display":"","ast-hfb-mobile-header-display":"","site-post-title":"disabled","ast-breadcrumbs-content":"","ast-featured-img":"disabled","footer-sml-layout":"","ast-disable-related-posts":"","theme-transparent-header-meta":"enabled","adv-header-id-meta":"","stick-header-meta":"","header-above-stick-meta":"","header-main-stick-meta":"","header-below-stick-meta":"","astra-migrate-meta-layouts":"set","ast-page-background-enabled":"default","ast-page-background-meta":{"desktop":{"background-color":"var(--ast-global-color-4)","background-image":"","background-repeat":"repeat","background-position":"center center","background-size":"auto","background-attachment":"scroll","background-type":"","background-media":"","overlay-type":"","overlay-color":"","overlay-opacity":"","overlay-gradient":""},"tablet":{"background-color":"","background-image":"","background-repeat":"repeat","background-position":"center center","background-size":"auto","background-attachment":"scroll","background-type":"","background-media":"","overlay-type":"","overlay-color":"","overlay-opacity":"","overlay-gradient":""},"mobile":{"background-color":"","background-image":"","background-repeat":"repeat","background-position":"center center","background-size":"auto","background-attachment":"scroll","background-type":"","background-media":"","overlay-type":"","overlay-color":"","overlay-opacity":"","overlay-gradient":""}},"ast-content-background-meta":{"desktop":{"background-color":"var(--ast-global-color-5)","background-image":"","background-repeat":"repeat","background-position":"center center","background-size":"auto","background-attachment":"scroll","background-type":"","background-media":"","overlay-type":"","overlay-color":"","overlay-opacity":"","overlay-gradient":""},"tablet":{"background-color":"var(--ast-global-color-5)","background-image":"","background-repeat":"repeat","background-position":"center center","background-size":"auto","background-attachment":"scroll","background-type":"","background-media":"","overlay-type":"","overlay-color":"","overlay-opacity":"","overlay-gradient":""},"mobile":{"background-color":"var(--ast-global-color-5)","background-image":"","background-repeat":"repeat","background-position":"center center","background-size":"auto","background-attachment":"scroll","background-type":"","background-media":"","overlay-type":"","overlay-color":"","overlay-opacity":"","overlay-gradient":""}},"footnotes":""},"class_list":["post-2844","page","type-page","status-publish","hentry"],"_hostinger_reach_plugin_has_subscription_block":false,"_hostinger_reach_plugin_is_elementor":false,"uagb_featured_image_src":{"full":false,"thumbnail":false,"medium":false,"medium_large":false,"large":false,"1536x1536":false,"2048x2048":false},"uagb_author_info":{"display_name":"handboscamp@gmail.com","author_link":"https:\/\/www.handboscamp.eu\/?author=1"},"uagb_comment_info":0,"uagb_excerpt":"CONCEPT LACANAU SEMAINE 1 : du 5 au 11 juillet 2026 Jeunes n\u00e9(e)s en 2013-2014-2015 SEMAINE 2 : du 12 au 18 juillet 2026 Jeunes n\u00e9(e)s en 2009-2010-2011-2012 Le stage commence le dimanche \u00e0 15h et se termine le samedi \u00e0 11h PRESENTATION S\u2019entra\u00eener avec Julien BOS, joueur international de handball et m\u00e9daill\u00e9 de bronze\u2026","_links":{"self":[{"href":"https:\/\/www.handboscamp.eu\/index.php?rest_route=\/wp\/v2\/pages\/2844","targetHints":{"allow":["GET"]}}],"collection":[{"href":"https:\/\/www.handboscamp.eu\/index.php?rest_route=\/wp\/v2\/pages"}],"about":[{"href":"https:\/\/www.handboscamp.eu\/index.php?rest_route=\/wp\/v2\/types\/page"}],"author":[{"embeddable":true,"href":"https:\/\/www.handboscamp.eu\/index.php?rest_route=\/wp\/v2\/users\/1"}],"replies":[{"embeddable":true,"href":"https:\/\/www.handboscamp.eu\/index.php?rest_route=%2Fwp%2Fv2%2Fcomments&post=2844"}],"version-history":[{"count":211,"href":"https:\/\/www.handboscamp.eu\/index.php?rest_route=\/wp\/v2\/pages\/2844\/revisions"}],"predecessor-version":[{"id":3821,"href":"https:\/\/www.handboscamp.eu\/index.php?rest_route=\/wp\/v2\/pages\/2844\/revisions\/3821"}],"wp:attachment":[{"href":"https:\/\/www.handboscamp.eu\/index.php?rest_route=%2Fwp%2Fv2%2Fmedia&parent=2844"}],"curies":[{"name":"wp","href":"https:\/\/api.w.org\/{rel}","templated":true}]}}