{"id":2843,"date":"2025-10-25T14:16:18","date_gmt":"2025-10-25T14:16:18","guid":{"rendered":"https:\/\/handboscamp.eu\/home\/"},"modified":"2026-03-23T14:00:03","modified_gmt":"2026-03-23T14:00:03","slug":"accueil","status":"publish","type":"page","link":"https:\/\/www.handboscamp.eu\/","title":{"rendered":"Accueil"},"content":{"rendered":"\t\t<div data-elementor-type=\"wp-page\" data-elementor-id=\"2843\" class=\"elementor elementor-2843\">\n\t\t\t\t<div class=\"elementor-element elementor-element-9e1a3b7 e-flex e-con-boxed e-con e-parent\" data-id=\"9e1a3b7\" data-element_type=\"container\" data-settings=\"{&quot;background_background&quot;:&quot;classic&quot;}\">\n\t\t\t\t\t<div class=\"e-con-inner\">\n\t\t\t\t<div class=\"elementor-element elementor-element-4d13453 elementor-widget elementor-widget-video\" data-id=\"4d13453\" data-element_type=\"widget\" data-settings=\"{&quot;youtube_url&quot;:&quot;https:\\\/\\\/www.youtube.com\\\/watch?v=XHOmBV4js_E&quot;,&quot;video_type&quot;:&quot;youtube&quot;,&quot;controls&quot;:&quot;yes&quot;}\" data-widget_type=\"video.default\">\n\t\t\t\t<div class=\"elementor-widget-container\">\n\t\t\t\t\t\t\t<div class=\"elementor-wrapper elementor-open-inline\">\n\t\t\t<div class=\"elementor-video\"><\/div>\t\t<\/div>\n\t\t\t\t\t\t<\/div>\n\t\t\t\t<\/div>\n\t\t<div class=\"elementor-element elementor-element-8f73ee5 e-con-full e-flex e-con e-child\" data-id=\"8f73ee5\" data-element_type=\"container\">\n\t\t\t\t<div class=\"elementor-element elementor-element-93873aa elementor-widget elementor-widget-heading\" data-id=\"93873aa\" data-element_type=\"widget\" data-widget_type=\"heading.default\">\n\t\t\t\t<div class=\"elementor-widget-container\">\n\t\t\t\t\t<h1 class=\"elementor-heading-title elementor-size-default\">Hand BOS Camp<\/h1>\t\t\t\t<\/div>\n\t\t\t\t<\/div>\n\t\t\t\t<div class=\"elementor-element elementor-element-4a02dab elementor-widget elementor-widget-heading\" data-id=\"4a02dab\" data-element_type=\"widget\" data-widget_type=\"heading.default\">\n\t\t\t\t<div class=\"elementor-widget-container\">\n\t\t\t\t\t<h2 class=\"elementor-heading-title elementor-size-default\">Juillet 2027<\/h2>\t\t\t\t<\/div>\n\t\t\t\t<\/div>\n\t\t\t\t<div class=\"elementor-element elementor-element-e6d0260 elementor-align-center elementor-widget elementor-widget-button\" data-id=\"e6d0260\" data-element_type=\"widget\" data-widget_type=\"button.default\">\n\t\t\t\t<div class=\"elementor-widget-container\">\n\t\t\t\t\t\t\t\t\t<div class=\"elementor-button-wrapper\">\n\t\t\t\t\t<a class=\"elementor-button elementor-button-link elementor-size-sm\" href=\"https:\/\/handboscamp.eu\/?page_id=2844\">\n\t\t\t\t\t\t<span class=\"elementor-button-content-wrapper\">\n\t\t\t\t\t\t\t\t\t<span class=\"elementor-button-text\">Toutes les informations<\/span>\n\t\t\t\t\t<\/span>\n\t\t\t\t\t<\/a>\n\t\t\t\t<\/div>\n\t\t\t\t\t\t\t\t<\/div>\n\t\t\t\t<\/div>\n\t\t\t\t<\/div>\n\t\t\t\t\t<\/div>\n\t\t\t\t<\/div>\n\t\t<div class=\"elementor-element elementor-element-96bd614 e-flex e-con-boxed e-con e-parent\" data-id=\"96bd614\" data-element_type=\"container\" data-settings=\"{&quot;background_background&quot;:&quot;classic&quot;}\">\n\t\t\t\t\t<div class=\"e-con-inner\">\n\t\t<div class=\"elementor-element elementor-element-f6f7e27 e-flex e-con-boxed e-con e-child\" data-id=\"f6f7e27\" data-element_type=\"container\">\n\t\t\t\t\t<div class=\"e-con-inner\">\n\t\t\t\t<div class=\"elementor-element elementor-element-d16f5b6 elementor-widget elementor-widget-heading\" data-id=\"d16f5b6\" data-element_type=\"widget\" data-widget_type=\"heading.default\">\n\t\t\t\t<div class=\"elementor-widget-container\">\n\t\t\t\t\t<h2 class=\"elementor-heading-title elementor-size-default\">Nos valeurs<\/h2>\t\t\t\t<\/div>\n\t\t\t\t<\/div>\n\t\t\t\t<div class=\"elementor-element elementor-element-49160ad elementor-widget-divider--view-line elementor-widget elementor-widget-divider\" data-id=\"49160ad\" data-element_type=\"widget\" data-widget_type=\"divider.default\">\n\t\t\t\t<div class=\"elementor-widget-container\">\n\t\t\t\t\t\t\t<div class=\"elementor-divider\">\n\t\t\t<span class=\"elementor-divider-separator\">\n\t\t\t\t\t\t<\/span>\n\t\t<\/div>\n\t\t\t\t\t\t<\/div>\n\t\t\t\t<\/div>\n\t\t<div class=\"elementor-element elementor-element-a306a4a e-con-full e-flex e-con e-child\" data-id=\"a306a4a\" data-element_type=\"container\">\n\t\t<div class=\"elementor-element elementor-element-5822dc4 e-flex e-con-boxed e-con e-child\" data-id=\"5822dc4\" data-element_type=\"container\">\n\t\t\t\t\t<div class=\"e-con-inner\">\n\t\t\t\t<div class=\"elementor-element elementor-element-85cc8cf elementor-widget elementor-widget-image\" data-id=\"85cc8cf\" data-element_type=\"widget\" data-widget_type=\"image.default\">\n\t\t\t\t<div class=\"elementor-widget-container\">\n\t\t\t\t\t\t\t\t\t\t\t\t\t\t\t<img fetchpriority=\"high\" decoding=\"async\" width=\"1333\" height=\"2000\" src=\"https:\/\/www.handboscamp.eu\/wp-content\/uploads\/2025\/10\/IMG_2361.jpg\" class=\"attachment-full size-full wp-image-2871\" alt=\"img 2361\" srcset=\"https:\/\/www.handboscamp.eu\/wp-content\/uploads\/2025\/10\/IMG_2361.jpg 1333w, https:\/\/www.handboscamp.eu\/wp-content\/uploads\/2025\/10\/IMG_2361-200x300.jpg 200w, https:\/\/www.handboscamp.eu\/wp-content\/uploads\/2025\/10\/IMG_2361-682x1024.jpg 682w, https:\/\/www.handboscamp.eu\/wp-content\/uploads\/2025\/10\/IMG_2361-768x1152.jpg 768w, https:\/\/www.handboscamp.eu\/wp-content\/uploads\/2025\/10\/IMG_2361-1024x1536.jpg 1024w\" sizes=\"(max-width: 1333px) 100vw, 1333px\" \/>\t\t\t\t\t\t\t\t\t\t\t\t\t\t\t<\/div>\n\t\t\t\t<\/div>\n\t\t\t\t<div class=\"elementor-element elementor-element-592f61f elementor-widget elementor-widget-heading\" data-id=\"592f61f\" data-element_type=\"widget\" data-widget_type=\"heading.default\">\n\t\t\t\t<div class=\"elementor-widget-container\">\n\t\t\t\t\t<h2 class=\"elementor-heading-title elementor-size-default\">PARTAGE<\/h2>\t\t\t\t<\/div>\n\t\t\t\t<\/div>\n\t\t\t\t<div class=\"elementor-element elementor-element-342d51e elementor-widget elementor-widget-text-editor\" data-id=\"342d51e\" data-element_type=\"widget\" data-widget_type=\"text-editor.default\">\n\t\t\t\t<div class=\"elementor-widget-container\">\n\t\t\t\t\t\t\t\t\t<p>Au-del\u00e0 de la recherche de la performance, Hand BOS Camp constitue un espace d\u2019\u00e9changes humains. Le partage des \u00e9motions, des r\u00e9ussites comme des difficult\u00e9s, renforce la coh\u00e9sion et laisse \u00e0 chacun un souvenir fort et inspirant.<\/p>\t\t\t\t\t\t\t\t<\/div>\n\t\t\t\t<\/div>\n\t\t\t\t\t<\/div>\n\t\t\t\t<\/div>\n\t\t<div class=\"elementor-element elementor-element-39b81fb e-flex e-con-boxed e-con e-child\" data-id=\"39b81fb\" data-element_type=\"container\">\n\t\t\t\t\t<div class=\"e-con-inner\">\n\t\t\t\t<div class=\"elementor-element elementor-element-66dde07 elementor-widget elementor-widget-image\" data-id=\"66dde07\" data-element_type=\"widget\" data-widget_type=\"image.default\">\n\t\t\t\t<div class=\"elementor-widget-container\">\n\t\t\t\t\t\t\t\t\t\t\t\t\t\t\t<img decoding=\"async\" width=\"1280\" height=\"1920\" src=\"https:\/\/www.handboscamp.eu\/wp-content\/uploads\/2025\/10\/2526-Reprise_Pros-2724.jpg\" class=\"attachment-full size-full wp-image-2894\" alt=\"2526 reprise pros 2724\" srcset=\"https:\/\/www.handboscamp.eu\/wp-content\/uploads\/2025\/10\/2526-Reprise_Pros-2724.jpg 1280w, https:\/\/www.handboscamp.eu\/wp-content\/uploads\/2025\/10\/2526-Reprise_Pros-2724-200x300.jpg 200w, https:\/\/www.handboscamp.eu\/wp-content\/uploads\/2025\/10\/2526-Reprise_Pros-2724-683x1024.jpg 683w, https:\/\/www.handboscamp.eu\/wp-content\/uploads\/2025\/10\/2526-Reprise_Pros-2724-768x1152.jpg 768w, https:\/\/www.handboscamp.eu\/wp-content\/uploads\/2025\/10\/2526-Reprise_Pros-2724-1024x1536.jpg 1024w\" sizes=\"(max-width: 1280px) 100vw, 1280px\" \/>\t\t\t\t\t\t\t\t\t\t\t\t\t\t\t<\/div>\n\t\t\t\t<\/div>\n\t\t\t\t<div class=\"elementor-element elementor-element-8e8cbe4 elementor-widget elementor-widget-heading\" data-id=\"8e8cbe4\" data-element_type=\"widget\" data-widget_type=\"heading.default\">\n\t\t\t\t<div class=\"elementor-widget-container\">\n\t\t\t\t\t<h2 class=\"elementor-heading-title elementor-size-default\">PERFECTIONNEMENT<\/h2>\t\t\t\t<\/div>\n\t\t\t\t<\/div>\n\t\t\t\t<div class=\"elementor-element elementor-element-49b1aa6 elementor-widget elementor-widget-text-editor\" data-id=\"49b1aa6\" data-element_type=\"widget\" data-widget_type=\"text-editor.default\">\n\t\t\t\t<div class=\"elementor-widget-container\">\n\t\t\t\t\t\t\t\t\t<p>Chaque s\u00e9ance est une opportunit\u00e9 d\u2019apprendre, d\u2019exp\u00e9rimenter et de grandir. Le perfectionnement devient alors un moteur de confiance et d\u2019ambition. Un travail sp\u00e9cifique et personnalis\u00e9 sera mis en place tout au long de la semaine.<\/p>\t\t\t\t\t\t\t\t<\/div>\n\t\t\t\t<\/div>\n\t\t\t\t\t<\/div>\n\t\t\t\t<\/div>\n\t\t<div class=\"elementor-element elementor-element-db379a5 e-flex e-con-boxed e-con e-child\" data-id=\"db379a5\" data-element_type=\"container\">\n\t\t\t\t\t<div class=\"e-con-inner\">\n\t\t\t\t<div class=\"elementor-element elementor-element-ece35b4 elementor-widget elementor-widget-image\" data-id=\"ece35b4\" data-element_type=\"widget\" data-widget_type=\"image.default\">\n\t\t\t\t<div class=\"elementor-widget-container\">\n\t\t\t\t\t\t\t\t\t\t\t\t\t\t\t<img decoding=\"async\" width=\"1333\" height=\"2000\" src=\"https:\/\/www.handboscamp.eu\/wp-content\/uploads\/2025\/10\/2526-EHFCL-01-Berlin-01528.jpg\" class=\"attachment-full size-full wp-image-2895\" alt=\"2526 ehfcl 01 berlin 01528\" srcset=\"https:\/\/www.handboscamp.eu\/wp-content\/uploads\/2025\/10\/2526-EHFCL-01-Berlin-01528.jpg 1333w, https:\/\/www.handboscamp.eu\/wp-content\/uploads\/2025\/10\/2526-EHFCL-01-Berlin-01528-200x300.jpg 200w, https:\/\/www.handboscamp.eu\/wp-content\/uploads\/2025\/10\/2526-EHFCL-01-Berlin-01528-682x1024.jpg 682w, https:\/\/www.handboscamp.eu\/wp-content\/uploads\/2025\/10\/2526-EHFCL-01-Berlin-01528-768x1152.jpg 768w, https:\/\/www.handboscamp.eu\/wp-content\/uploads\/2025\/10\/2526-EHFCL-01-Berlin-01528-1024x1536.jpg 1024w\" sizes=\"(max-width: 1333px) 100vw, 1333px\" \/>\t\t\t\t\t\t\t\t\t\t\t\t\t\t\t<\/div>\n\t\t\t\t<\/div>\n\t\t\t\t<div class=\"elementor-element elementor-element-d759fe3 elementor-widget elementor-widget-heading\" data-id=\"d759fe3\" data-element_type=\"widget\" data-widget_type=\"heading.default\">\n\t\t\t\t<div class=\"elementor-widget-container\">\n\t\t\t\t\t<h2 class=\"elementor-heading-title elementor-size-default\">ESPRIT D'EQUIPE<\/h2>\t\t\t\t<\/div>\n\t\t\t\t<\/div>\n\t\t\t\t<div class=\"elementor-element elementor-element-96e8b3d elementor-widget elementor-widget-text-editor\" data-id=\"96e8b3d\" data-element_type=\"widget\" data-widget_type=\"text-editor.default\">\n\t\t\t\t<div class=\"elementor-widget-container\">\n\t\t\t\t\t\t\t\t\t<p>D\u00e9velopper l\u2019esprit d\u2019\u00e9quipe, c\u2019est apprendre \u00e0 valoriser chacun, \u00e0 c\u00e9l\u00e9brer les r\u00e9ussites communes et \u00e0 se relever ensemble apr\u00e8s les difficult\u00e9s. C\u2019est ce qui transforme un groupe en \u00e9quipe.<\/p>\t\t\t\t\t\t\t\t<\/div>\n\t\t\t\t<\/div>\n\t\t\t\t\t<\/div>\n\t\t\t\t<\/div>\n\t\t\t\t<\/div>\n\t\t\t\t\t<\/div>\n\t\t\t\t<\/div>\n\t\t\t\t\t<\/div>\n\t\t\t\t<\/div>\n\t\t<div class=\"elementor-element elementor-element-f457a2d e-flex e-con-boxed e-con e-parent\" data-id=\"f457a2d\" data-element_type=\"container\" data-settings=\"{&quot;background_background&quot;:&quot;classic&quot;}\">\n\t\t\t\t\t<div class=\"e-con-inner\">\n\t\t<div class=\"elementor-element elementor-element-3b5731b e-con-full e-flex e-con e-child\" data-id=\"3b5731b\" data-element_type=\"container\">\n\t\t\t\t<div class=\"elementor-element elementor-element-63972dd elementor-widget elementor-widget-hfe-infocard\" data-id=\"63972dd\" data-element_type=\"widget\" data-widget_type=\"hfe-infocard.default\">\n\t\t\t\t<div class=\"elementor-widget-container\">\n\t\t\t\t\t\n\t\t<div class=\"hfe-infocard\">\n\t\t\t\t\t\t\t\t\t<div class=\"hfe-infocard-title-wrap\">\n\t\t\t\t<h4 class=\"hfe-infocard-title elementor-inline-editing\" data-elementor-setting-key=\"infocard_title\" data-elementor-inline-editing-toolbar=\"basic\" >o\u00f9 ? <\/h4>\t\t\t<\/div>\n\t\t\t\t\t\t<div class=\"hfe-infocard-text-wrap\">\n\t\t\t\t<div class=\"hfe-infocard-text elementor-inline-editing\" data-elementor-setting-key=\"infocard_description\" data-elementor-inline-editing-toolbar=\"advanced\">\n\t\t\t\t\t<p>Bordelais, Julien BOS tient \u00e0 d\u00e9velopper et \u00e0 transmettre la pratique du handball dans cette r\u00e9gion. C'est pourquoi il a choisi Lacanau comme lieu pour les deux premi\u00e8res semaines de stage de Hand BOS Camp.<\/p>\t\t\t\t<\/div>\n\t\t\t\t\t\t\t<\/div>\n\t\t<\/div>\n\n\t\t\t\t\t\t<\/div>\n\t\t\t\t<\/div>\n\t\t\t\t<\/div>\n\t\t<div class=\"elementor-element elementor-element-162cad4 elementor-hidden-mobile e-con-full e-flex e-con e-child\" data-id=\"162cad4\" data-element_type=\"container\">\n\t\t\t\t<div class=\"elementor-element elementor-element-8aee090 elementor-widget elementor-widget-image\" data-id=\"8aee090\" data-element_type=\"widget\" data-widget_type=\"image.default\">\n\t\t\t\t<div class=\"elementor-widget-container\">\n\t\t\t\t\t\t\t\t\t\t\t\t\t\t\t<img loading=\"lazy\" decoding=\"async\" width=\"1620\" height=\"1080\" src=\"https:\/\/www.handboscamp.eu\/wp-content\/uploads\/2025\/10\/image0.jpeg\" class=\"attachment-full size-full wp-image-2870\" alt=\"image0\" srcset=\"https:\/\/www.handboscamp.eu\/wp-content\/uploads\/2025\/10\/image0.jpeg 1620w, https:\/\/www.handboscamp.eu\/wp-content\/uploads\/2025\/10\/image0-300x200.jpeg 300w, https:\/\/www.handboscamp.eu\/wp-content\/uploads\/2025\/10\/image0-1024x683.jpeg 1024w, https:\/\/www.handboscamp.eu\/wp-content\/uploads\/2025\/10\/image0-768x512.jpeg 768w, https:\/\/www.handboscamp.eu\/wp-content\/uploads\/2025\/10\/image0-1536x1024.jpeg 1536w\" sizes=\"(max-width: 1620px) 100vw, 1620px\" \/>\t\t\t\t\t\t\t\t\t\t\t\t\t\t\t<\/div>\n\t\t\t\t<\/div>\n\t\t\t\t<\/div>\n\t\t\t\t\t<\/div>\n\t\t\t\t<\/div>\n\t\t<div class=\"elementor-element elementor-element-1097b20 e-flex e-con-boxed e-con e-parent\" data-id=\"1097b20\" data-element_type=\"container\">\n\t\t\t\t\t<div class=\"e-con-inner\">\n\t\t\t\t<div class=\"elementor-element elementor-element-8582342 elementor-align-center elementor-hidden-desktop elementor-hidden-tablet elementor-hidden-mobile elementor-widget elementor-widget-button\" data-id=\"8582342\" data-element_type=\"widget\" data-widget_type=\"button.default\">\n\t\t\t\t<div class=\"elementor-widget-container\">\n\t\t\t\t\t\t\t\t\t<div class=\"elementor-button-wrapper\">\n\t\t\t\t\t<a class=\"elementor-button elementor-button-link elementor-size-sm\" href=\"https:\/\/docs.google.com\/forms\/d\/e\/1FAIpQLSeA7_51ry_nixg22t661_Cua9yrq7uHokXZkA-aMVVjkafS2Q\/viewform\" target=\"_blank\">\n\t\t\t\t\t\t<span class=\"elementor-button-content-wrapper\">\n\t\t\t\t\t\t\t\t\t<span class=\"elementor-button-text\">JE M'INSCRIS<\/span>\n\t\t\t\t\t<\/span>\n\t\t\t\t\t<\/a>\n\t\t\t\t<\/div>\n\t\t\t\t\t\t\t\t<\/div>\n\t\t\t\t<\/div>\n\t\t\t\t\t<\/div>\n\t\t\t\t<\/div>\n\t\t<div class=\"elementor-element elementor-element-802c153 e-flex e-con-boxed e-con e-parent\" data-id=\"802c153\" data-element_type=\"container\">\n\t\t\t\t\t<div class=\"e-con-inner\">\n\t\t\t\t<div class=\"elementor-element elementor-element-4e08afe elementor-widget-divider--view-line elementor-widget elementor-widget-divider\" data-id=\"4e08afe\" data-element_type=\"widget\" data-widget_type=\"divider.default\">\n\t\t\t\t<div class=\"elementor-widget-container\">\n\t\t\t\t\t\t\t<div class=\"elementor-divider\">\n\t\t\t<span class=\"elementor-divider-separator\">\n\t\t\t\t\t\t<\/span>\n\t\t<\/div>\n\t\t\t\t\t\t<\/div>\n\t\t\t\t<\/div>\n\t\t\t\t\t<\/div>\n\t\t\t\t<\/div>\n\t\t<div class=\"elementor-element elementor-element-16ec7fa e-flex e-con-boxed e-con e-parent\" data-id=\"16ec7fa\" data-element_type=\"container\" data-settings=\"{&quot;background_background&quot;:&quot;classic&quot;}\">\n\t\t\t\t\t<div class=\"e-con-inner\">\n\t\t<div class=\"elementor-element elementor-element-d13f07f e-con-full e-flex e-con e-child\" data-id=\"d13f07f\" data-element_type=\"container\">\n\t\t\t\t<div class=\"elementor-element elementor-element-ba599af elementor-widget elementor-widget-heading\" data-id=\"ba599af\" data-element_type=\"widget\" data-widget_type=\"heading.default\">\n\t\t\t\t<div class=\"elementor-widget-container\">\n\t\t\t\t\t<h2 class=\"elementor-heading-title elementor-size-default\"><a href=\"https:\/\/handboscamp.eu\/?page_id=2846\" target=\"_blank\">Vous avez des questions ?<\/a><\/h2>\t\t\t\t<\/div>\n\t\t\t\t<\/div>\n\t\t\t\t<\/div>\n\t\t\t\t\t<\/div>\n\t\t\t\t<\/div>\n\t\t\t\t<\/div>\n\t\t","protected":false},"excerpt":{"rendered":"<p>Hand BOS Camp Juillet 2027 Toutes les informations Nos valeurs PARTAGE Au-del\u00e0 de la recherche de la performance, Hand BOS Camp constitue un espace d\u2019\u00e9changes humains. Le partage des \u00e9motions, des r\u00e9ussites comme des difficult\u00e9s, renforce la coh\u00e9sion et laisse \u00e0 chacun un souvenir fort et inspirant. PERFECTIONNEMENT Chaque s\u00e9ance est une opportunit\u00e9 d\u2019apprendre, d\u2019exp\u00e9rimenter [&hellip;]<\/p>\n","protected":false},"author":1,"featured_media":2902,"parent":0,"menu_order":0,"comment_status":"closed","ping_status":"closed","template":"","meta":{"_uag_custom_page_level_css":"","site-sidebar-layout":"no-sidebar","site-content-layout":"page-builder","ast-site-content-layout":"full-width-container","site-content-style":"unboxed","site-sidebar-style":"unboxed","ast-global-header-display":"","ast-banner-title-visibility":"","ast-main-header-display":"","ast-hfb-above-header-display":"","ast-hfb-below-header-display":"","ast-hfb-mobile-header-display":"","site-post-title":"disabled","ast-breadcrumbs-content":"","ast-featured-img":"disabled","footer-sml-layout":"","ast-disable-related-posts":"","theme-transparent-header-meta":"enabled","adv-header-id-meta":"","stick-header-meta":"","header-above-stick-meta":"","header-main-stick-meta":"","header-below-stick-meta":"","astra-migrate-meta-layouts":"set","ast-page-background-enabled":"default","ast-page-background-meta":{"desktop":{"background-color":"var(--ast-global-color-4)","background-image":"","background-repeat":"repeat","background-position":"center center","background-size":"auto","background-attachment":"scroll","background-type":"","background-media":"","overlay-type":"","overlay-color":"","overlay-opacity":"","overlay-gradient":""},"tablet":{"background-color":"","background-image":"","background-repeat":"repeat","background-position":"center center","background-size":"auto","background-attachment":"scroll","background-type":"","background-media":"","overlay-type":"","overlay-color":"","overlay-opacity":"","overlay-gradient":""},"mobile":{"background-color":"","background-image":"","background-repeat":"repeat","background-position":"center center","background-size":"auto","background-attachment":"scroll","background-type":"","background-media":"","overlay-type":"","overlay-color":"","overlay-opacity":"","overlay-gradient":""}},"ast-content-background-meta":{"desktop":{"background-color":"var(--ast-global-color-5)","background-image":"","background-repeat":"repeat","background-position":"center center","background-size":"auto","background-attachment":"scroll","background-type":"","background-media":"","overlay-type":"","overlay-color":"","overlay-opacity":"","overlay-gradient":""},"tablet":{"background-color":"var(--ast-global-color-5)","background-image":"","background-repeat":"repeat","background-position":"center center","background-size":"auto","background-attachment":"scroll","background-type":"","background-media":"","overlay-type":"","overlay-color":"","overlay-opacity":"","overlay-gradient":""},"mobile":{"background-color":"var(--ast-global-color-5)","background-image":"","background-repeat":"repeat","background-position":"center center","background-size":"auto","background-attachment":"scroll","background-type":"","background-media":"","overlay-type":"","overlay-color":"","overlay-opacity":"","overlay-gradient":""}},"footnotes":""},"class_list":["post-2843","page","type-page","status-publish","has-post-thumbnail","hentry"],"_hostinger_reach_plugin_has_subscription_block":false,"_hostinger_reach_plugin_is_elementor":false,"uagb_featured_image_src":{"full":["https:\/\/www.handboscamp.eu\/wp-content\/uploads\/2025\/10\/edfh_120325_icon_bap_245-scaled.jpg",2560,1707,false],"thumbnail":["https:\/\/www.handboscamp.eu\/wp-content\/uploads\/2025\/10\/edfh_120325_icon_bap_245-150x150.jpg",150,150,true],"medium":["https:\/\/www.handboscamp.eu\/wp-content\/uploads\/2025\/10\/edfh_120325_icon_bap_245-300x200.jpg",300,200,true],"medium_large":["https:\/\/www.handboscamp.eu\/wp-content\/uploads\/2025\/10\/edfh_120325_icon_bap_245-768x512.jpg",768,512,true],"large":["https:\/\/www.handboscamp.eu\/wp-content\/uploads\/2025\/10\/edfh_120325_icon_bap_245-1024x683.jpg",1024,683,true],"1536x1536":["https:\/\/www.handboscamp.eu\/wp-content\/uploads\/2025\/10\/edfh_120325_icon_bap_245-1536x1024.jpg",1536,1024,true],"2048x2048":["https:\/\/www.handboscamp.eu\/wp-content\/uploads\/2025\/10\/edfh_120325_icon_bap_245-2048x1365.jpg",2048,1365,true]},"uagb_author_info":{"display_name":"handboscamp@gmail.com","author_link":"https:\/\/www.handboscamp.eu\/?author=1"},"uagb_comment_info":0,"uagb_excerpt":"Hand BOS Camp Juillet 2027 Toutes les informations Nos valeurs PARTAGE Au-del\u00e0 de la recherche de la performance, Hand BOS Camp constitue un espace d\u2019\u00e9changes humains. Le partage des \u00e9motions, des r\u00e9ussites comme des difficult\u00e9s, renforce la coh\u00e9sion et laisse \u00e0 chacun un souvenir fort et inspirant. PERFECTIONNEMENT Chaque s\u00e9ance est une opportunit\u00e9 d\u2019apprendre, d\u2019exp\u00e9rimenter\u2026","_links":{"self":[{"href":"https:\/\/www.handboscamp.eu\/index.php?rest_route=\/wp\/v2\/pages\/2843","targetHints":{"allow":["GET"]}}],"collection":[{"href":"https:\/\/www.handboscamp.eu\/index.php?rest_route=\/wp\/v2\/pages"}],"about":[{"href":"https:\/\/www.handboscamp.eu\/index.php?rest_route=\/wp\/v2\/types\/page"}],"author":[{"embeddable":true,"href":"https:\/\/www.handboscamp.eu\/index.php?rest_route=\/wp\/v2\/users\/1"}],"replies":[{"embeddable":true,"href":"https:\/\/www.handboscamp.eu\/index.php?rest_route=%2Fwp%2Fv2%2Fcomments&post=2843"}],"version-history":[{"count":199,"href":"https:\/\/www.handboscamp.eu\/index.php?rest_route=\/wp\/v2\/pages\/2843\/revisions"}],"predecessor-version":[{"id":3815,"href":"https:\/\/www.handboscamp.eu\/index.php?rest_route=\/wp\/v2\/pages\/2843\/revisions\/3815"}],"wp:featuredmedia":[{"embeddable":true,"href":"https:\/\/www.handboscamp.eu\/index.php?rest_route=\/wp\/v2\/media\/2902"}],"wp:attachment":[{"href":"https:\/\/www.handboscamp.eu\/index.php?rest_route=%2Fwp%2Fv2%2Fmedia&parent=2843"}],"curies":[{"name":"wp","href":"https:\/\/api.w.org\/{rel}","templated":true}]}}